{"id":64,"date":"2017-05-12T02:34:42","date_gmt":"2017-05-12T02:34:42","guid":{"rendered":"http:\/\/localhost\/wp\/?page_id=64"},"modified":"2024-10-02T08:41:28","modified_gmt":"2024-10-02T06:41:28","slug":"about-me","status":"publish","type":"page","link":"https:\/\/bartdust.com\/","title":{"rendered":"Bartdust"},"content":{"rendered":"<section class=\"wpb-content-wrapper\"><p>[vc_row full_width=&#8221;stretch_row_content_no_spaces&#8221; row_top_spacing=&#8221;1&#8243; row_bottom_spacing=&#8221;1&#8243;][vc_column][dendrite_about_me dendrite_about_me_name=&#8221;Bartdust sp. z o.o.&#8221; dendrite_about_me_image=&#8221;3378&#8243;]BARTDUST SP\u00d3\u0141KA Z OGRANICZON\u0104 ODPOWIEDZIALNO\u015aCI\u0104<\/p>\n<p>ADRES<br \/>\nUL. BOR\u00d3WKOWA 10, 80-177 GDA\u0143SK<\/p>\n<p>NIP 9571163668<br \/>\nKRS 0001060979<br \/>\nEORI: 957116366800000<br \/>\nREX: PLREX3900000246995<\/p>\n<p>Nazwa banku: Bank Millennium S.A.<\/p>\n<p>Adres banku: ul. Stanis\u0142awa \u017baryna 2A, 02-593 Warszawa<\/p>\n<p>Kod SWIFT banku: BIGBPLPW<\/p>\n<p>Konto bankowe PLN: <strong><a class=\"row-action\" data-bind=\"text: bm.utils.formattedNrb(Number), click:$root.accountDetails\">93 1160 2202 0000 0005 8496 4226<\/a><\/strong><\/p>\n<p>Konto bankowe EUR: \u00a0<strong>PL 77 1160 2202 0000 0005 9058 5567<\/strong><\/p>\n<p>Kapita\u0142 zak\u0142adowy<br \/>\n5 000,00 z\u0142[\/dendrite_about_me][\/vc_column][\/vc_row]<\/p>\n<\/section>","protected":false},"excerpt":{"rendered":"<p>[vc_row full_width=&#8221;stretch_row_content_no_spaces&#8221; row_top_spacing=&#8221;1&#8243; row_bottom_spacing=&#8221;1&#8243;][vc_column][dendrite_about_me dendrite_about_me_name=&#8221;Bartdust sp. z o.o.&#8221; dendrite_about_me_image=&#8221;3378&#8243;]BARTDUST SP\u00d3\u0141KA Z OGRANICZON\u0104 ODPOWIEDZIALNO\u015aCI\u0104 ADRES UL. BOR\u00d3WKOWA 10, 80-177 GDA\u0143SK NIP 9571163668 KRS 0001060979 EORI: 957116366800000 REX: PLREX3900000246995 Nazwa banku: Bank Millennium S.A. Adres banku: ul. Stanis\u0142awa \u017baryna 2A, 02-593 Warszawa Kod SWIFT banku: BIGBPLPW Konto bankowe PLN: 93 1160 2202 0000 0005 8496 4226 Konto&#8230;<\/p>\n","protected":false},"author":1,"featured_media":3378,"parent":0,"menu_order":0,"comment_status":"closed","ping_status":"closed","template":"","meta":{"_acf_changed":false,"footnotes":""},"class_list":["post-64","page","type-page","status-publish","has-post-thumbnail","hentry"],"acf":[],"_links":{"self":[{"href":"https:\/\/bartdust.com\/index.php?rest_route=\/wp\/v2\/pages\/64","targetHints":{"allow":["GET"]}}],"collection":[{"href":"https:\/\/bartdust.com\/index.php?rest_route=\/wp\/v2\/pages"}],"about":[{"href":"https:\/\/bartdust.com\/index.php?rest_route=\/wp\/v2\/types\/page"}],"author":[{"embeddable":true,"href":"https:\/\/bartdust.com\/index.php?rest_route=\/wp\/v2\/users\/1"}],"replies":[{"embeddable":true,"href":"https:\/\/bartdust.com\/index.php?rest_route=%2Fwp%2Fv2%2Fcomments&post=64"}],"version-history":[{"count":16,"href":"https:\/\/bartdust.com\/index.php?rest_route=\/wp\/v2\/pages\/64\/revisions"}],"predecessor-version":[{"id":3410,"href":"https:\/\/bartdust.com\/index.php?rest_route=\/wp\/v2\/pages\/64\/revisions\/3410"}],"wp:featuredmedia":[{"embeddable":true,"href":"https:\/\/bartdust.com\/index.php?rest_route=\/wp\/v2\/media\/3378"}],"wp:attachment":[{"href":"https:\/\/bartdust.com\/index.php?rest_route=%2Fwp%2Fv2%2Fmedia&parent=64"}],"curies":[{"name":"wp","href":"https:\/\/api.w.org\/{rel}","templated":true}]}}